{"id":2,"date":"2020-12-15T09:05:07","date_gmt":"2020-12-15T09:05:07","guid":{"rendered":"https:\/\/www.regenlab.de\/kniearthrose\/?page_id=2"},"modified":"2026-01-28T08:25:49","modified_gmt":"2026-01-28T08:25:49","slug":"home","status":"publish","type":"page","link":"https:\/\/www.regenlab.de\/kniearthrose\/","title":{"rendered":"Home"},"content":{"rendered":"<p><a data-id-d=\"6\" data-img-style=\"width: 100%;\"><img loading=\"lazy\" decoding=\"async\" src=\"https:\/\/www.regenlab.de\/kniearthrose\/wp-content\/uploads\/2023\/08\/logo-2023-2693x535_negativ.png\" height=\"535\" width=\"2693\" alt=\"\" style=\"width: 100%;\"><\/img><\/a><\/p>\n<h4 style=\"text-align: center;\">Sie haben Schmerzen im Kn<strong><\/strong>iegelenk?<\/h4>\n<p><span><img decoding=\"async\" alt=\"\" data-id=\"270\" data-init-width=\"16430\" data-init-height=\"5378\" title=\"cellular_Plan de travail 1 copie 2\" loading=\"lazy\" src=\"https:\/\/www.regenlab.de\/kniearthrose\/wp-content\/uploads\/2024\/04\/cellular_Plan-de-travail-1-copie-2-e1712211551698.png\" data-width=\"412\" data-height=\"135\" style=\"aspect-ratio: auto 16430 \/ 5378;\" mt-d=\"0\" width=\"412\" height=\"135\"><\/span><\/p>\n<h1 style=\"text-align: left;\" align=\"center\"><span>bei Kniearthrose<\/span><\/h1>\n<p style=\"text-align: center;\"><span>Sehr geehrter Patient, sehr geehrte Patientin,Ihr Arzt oder Ihre \u00c4rztin sieht bei Ihnen die Behandlung mit einem Medizinprodukt der der Firma RegenLab vor. Gemeinsam mit Ihrem Arzt oder Ihrer \u00c4rztin besprechen Sie vor dem Therapiebeginn im Rahmen eines pers\u00f6nlichen Gespr\u00e4chs den Behandlungsplan, die Wirkungsweise sowie etwaige Risiken und m\u00f6gliche Therapieoptionen in aller Ausf\u00fchrlichkeit.<\/span><\/p>\n<p style=\"\">F\u00fcr Patienten \u2192 <a href=\"http:\/\/regenlab.de\/kniearthrose\" target=\"_blank\" style=\"outline: none;\">Kniearthrose<\/a><\/p>\n<h2 style=\"text-align: center;\"><strong>Aufbereitung in 3 Schritten in weniger als 10 Minuten<\/strong><\/h2>\n<p><span style=\"\"><img decoding=\"async\" alt=\"\" data-id=\"139\" data-init-width=\"1500\" data-init-height=\"642\" title=\"Ablauf_PRP_Behandlung_update\" loading=\"lazy\" src=\"https:\/\/www.regenlab.de\/kniearthrose\/wp-content\/uploads\/2021\/05\/Ablauf_PRP_Behandlung_update.png\" data-width=\"800\" data-height=\"342\" mt-d=\"-1\" style=\"aspect-ratio: auto 1500 \/ 642;\" ml-d=\"0\" mt-t=\"-1\" ml-t=\"0\" width=\"800\" height=\"342\"><\/span><span><a href=\"https:\/\/www.dtb.de\/turn-team-deutschland\" target=\"_blank\" rel=\"\"><img decoding=\"async\" alt=\"\" data-id=\"326\" width=\"156\" data-init-width=\"2268\" height=\"117\" data-init-height=\"1698\" title=\"TURN-TEAM_DEUTSCHLAND_FINAL\" loading=\"lazy\" src=\"https:\/\/www.regenlab.de\/kniearthrose\/wp-content\/uploads\/2024\/11\/TURN-TEAM_DEUTSCHLAND_FINAL.png\" data-width=\"156\" data-height=\"117\" style=\"aspect-ratio: auto 2268 \/ 1698;\" data-link-wrap=\"1\"><\/a><\/span><\/p>\n<p style=\"text-align: center;\">Offizieller Co-Partner des Turn-Team Deutschland (Rhythmische Sportgymnastik)<\/p>\n<p style=\"text-align: left;\"><strong>Tipps zur Vorbeugung eines weiteren Gelenkverschlei\u00dfes zur Unterst\u00fctzung der Therapie:&nbsp;<\/strong><\/p>\n<ol>\n<li><span style=\"\">1<\/span><span style=\"\">Bei Bedarf, Gewichtsreduktion durch Ern\u00e4hrungsumstellung<\/span><\/li>\n<li><span style=\"\">2<\/span><span style=\"\">Vermeidung von blitzartigen Drehbewegungen oder belastenden Positionen<\/span><\/li>\n<li><span style=\"\">3<\/span><span style=\"\"><strong>Wichtig:<\/strong> Regelm\u00e4\u00dfige Bewegung, gelenkschonende Sportarten wie Schwimmen, Radfahren, Wandern, Nordic-Walking, Anlaufen und Tanzen, Unterwassermassagen und Unterwassergymnastik sind oft eine Wohltat.<\/span><\/li>\n<li><span style=\"\">4<\/span><span style=\"\">Sprechen Sie mit Ihrem Arzt auch \u00fcber die M\u00f6glichkeit erg\u00e4nzender physiotherapeutischer Ma\u00dfnahmen<\/span><\/li>\n<\/ol>\n<p><span><img decoding=\"async\" alt=\"\" data-id=\"141\" data-init-width=\"2199\" data-init-height=\"2560\" title=\"Wandern\" loading=\"lazy\" src=\"https:\/\/www.regenlab.de\/kniearthrose\/wp-content\/uploads\/2021\/05\/Wandern-scaled.jpg\" data-width=\"433\" data-height=\"504\" ml-d=\"0\" style=\"aspect-ratio: auto 2199 \/ 2560;\" width=\"433\" height=\"504\"><\/span><\/p>\n<h2 style=\"text-align: center;\"><strong>Hier finden Sie einen Arzt f\u00fcr Ihre PRP-Behandlung in der N\u00e4he:<\/strong><\/h2>\n<\/p>\n<h2 style=\"text-align: center;\"><strong>Studien<\/strong><\/h2>\n<p><span style=\"font-family: &quot;Typ 1451 Regular&quot;; font-size: 16px !important;\">Barac, Bran<a href=\"#tve-jump-18c34d91474\" style=\"outline: none;\">Studien<\/a>ko, Nemanja Damjanov, and Ana Zekovic. &#8222;<span dir=\"ltr\">Thu0424\u2005The New Treatment Approach in Knee Osteoarthritis: Efficacy of Cellular Matrix combination of platelet rich plasma with hyaluronic acid versus two different types of hyaluronic acid (HA) (prospective, randomized, double blind control study)<\/span>.&#8220; (2019): 500-500.<\/span><\/p>\n<p><span style=\"font-size: 16px !important;\"><span style=\"font-family: 'Typ 1451 Regular';\">Ciapini, Gianluca, et al. &#8222;Is the Combination of Platelet-Rich Plasma and Hyaluronic Acid the Best Injective Treatment for Grade II-III Knee Osteoarthritis? A Prospective Study.&#8220; <em>Advances in Orthopedics<\/em> 2023 (2023).<\/span><\/span><\/p>\n<p><span style=\"font-size: 16px !important;\"><span style=\"font-family: 'Typ 1451 Regular';\">Gomri, Farid, et al. &#8222;Swiss Medical Devices for Autologous Regenerative Medicine: From Innovation to Clinical Validation.&#8220; <em>Pharmaceutics<\/em> 14.8 (2022): 1617.<\/span><\/span><\/p>\n<p><span style=\"font-family: &quot;Typ 1451 Regular&quot;; font-size: 16px !important;\">Renevier, Jean-Luc, et al. &#8222;Cellular matrix\u2122 PRP-HA\u201d: A new treatment option with platelet-rich plasma and hyaluronic acid for patients with osteoarthritis having had an unsatisfactory clinical response to hyaluronic acid alone: Results of a pilot, multicenter French study with long-term follow-up.&#8220; <em>Int. J. Clin. Rheumatol<\/em> 13.4 (2018): 226-229.<\/span><\/p>\n<p><span style=\"font-family: &quot;Typ 1451 Regular&quot;; font-size: 16px !important;\">Weitere Evidenz auf Anfrage.<\/span><\/p>\n<p style=\"\"><strong>Bestimmungsgem\u00e4\u00dfe Verwendung des Produkts:<\/strong><\/p>\n<p><span style=\"font-size: 12px; color: rgb(255, 255, 255); font-family: &quot;Typ 1451 Regular&quot;;\">Produkt zur Aufbereitung intraartikul\u00e4rer Injektionen in das Knie zur Behandlung von artikulare m Schmerz und zur Verbesserung der Mobilit\u00e4t.<\/span><\/p>\n<p><span style=\"font-family: 'Typ 1451 Regular';\"><span style=\"color: rgb(255, 255, 255);\"><span style=\"font-size: 12px;\"><strong>Class III CE certified Medical Devices<\/strong><\/span><\/span><\/span><\/p>\n<p><span style=\"font-family: 'Typ 1451 Regular';\"><span style=\"color: rgb(255, 255, 255);\"><strong><span style=\"font-size: 12px;\">CE2797<\/span><\/strong><\/span><\/span><\/p>\n<p><span style=\"font-family: 'Typ 1451 Regular';\"><span style=\"color: rgb(255, 255, 255);\"><\/span><\/span><\/p>\n<p><span style=\"font-family: 'Typ 1451 Regular';\"><span style=\"color: rgb(255, 255, 255);\"><strong>Kontraindikationen:<\/strong><\/span><\/span><\/p>\n<p><span style=\"font-family: 'Typ 1451 Regular';\"><span style=\"color: rgb(255, 255, 255);\"><\/span><\/span><\/p>\n<p><span style=\"font-family: 'Typ 1451 Regular';\"><span style=\"color: rgb(255, 255, 255);\">Nicht bei Patient en mit einer festgestellten \u00dcberempfindlichkeit gegen eine der Komponenten oder bei schweren Erkrankungen wie Krebs oder Infektionen im Gelenk oder im zu behandelnden Bereich anwenden. Die Anwendung des HA\/ PRP-Pr\u00e4parats bei Patient en mit entz\u00fcndlichen Gelenkerkrankung en und Autoimmunerkrankungen wie rheumatoide Arthritis oder Morbus Bechterew wird nicht empfohlen. Die Anwendung bei Kindern, Schwangeren oder stillend en Frauen wird ebenfalls nicht empfohlen.<\/span><\/span><\/p>\n<p><span style=\"font-family: 'Typ 1451 Regular';\"><span style=\"color: rgb(255, 255, 255);\"><\/span><\/span><\/p>\n<p><span style=\"font-family: 'Typ 1451 Regular';\"><span style=\"color: rgb(255, 255, 255);\"><strong>M\u00f6gliche Nebenwirkungen:<\/strong><\/span><\/span><\/p>\n<p><span style=\"font-family: 'Typ 1451 Regular';\"><span style=\"color: rgb(255, 255, 255);\"><\/span><\/span><\/p>\n<p><span style=\"color: rgb(255, 255, 255);\"><span style=\"font-family: 'Typ 1451 Regular';\">Blutpunktionen und Injektionen k\u00f6nnen zu Sch\u00e4den an den Blutgef\u00e4\u00dfen und H\u00e4matomen f\u00fchren. Bei intraartikul\u00e4rer Injektion k\u00f6nnen lokale sekund\u00e4re Entz\u00fcndungsreaktionen an der lnjektionsstelle auftreten. Dies kann zu vor\u00fcbergehenden Schmerzen, Hitzegef\u00fchl, R\u00f6tungen und Schwellungen im mit dem HA\/ PRP\u00adPr\u00e4parat behandelten Gelenk oder Bereich f\u00fchren. Die Anwendung von Eisbeuteln in den Minuten nach der Injektion oder eine lokale schmerzstillende Behandlung am Tag nach der Injektion kann diese Beeintr\u00e4chtigungen verringern. Es gab auch gelegentlich Berichte \u00fcber \u00dcberempfindlichkeiten, in seltenen Ausnahmef\u00e4llen auch Anaphylaxie. Es wurde bei der Anwendung von HA auch von ausgepr\u00e4gten entz\u00fcndlichen Reaktionen berichtet. Reversible entz\u00fcndliche Reaktionen wurden 1 bis 2 Wochen nach mikropapularer Injektion beobachtet. Die Injektion kann zu einer Infektion f\u00fchren, wenn die allgemeinen Vorsichtsma\u00dfnahmen f\u00fcr Injektionen und Asepsis nicht eingehalt en werden<\/span>.<\/span><\/p>\n<p><span><a href=\"https:\/\/www.regenlab.de\/kniearthrose\/\"><img decoding=\"async\" alt=\"\" data-id=\"220\" width=\"384\" data-init-width=\"2693\" height=\"76\" data-init-height=\"535\" title=\"logo-2023-2693x535\" loading=\"lazy\" src=\"https:\/\/www.regenlab.de\/kniearthrose\/wp-content\/uploads\/2023\/08\/logo-2023-2693x535-1.png\" data-width=\"384\" data-height=\"76\" style=\"aspect-ratio: auto 2693 \/ 535;\" data-link-wrap=\"true\"><\/a><\/span><\/p>\n<p style=\"padding: 0px !important; margin: 0px !important;\"><span style=\"\">Copyright&nbsp;<\/span><span data-attr-id=\"Y\" data-extra_key=\"Y\" data-option-inline=\"1\" data-shortcode=\"thrv_dynamic_data_date\" data-shortcode-name=\"Year (2029)\" style=\"\">2026<\/span><a href=\"http:\/\/www.mediawerkstatt-bodensee.de\" target=\"_blank\" style=\"outline: none;\"><span style=\"\">Media Werkstatt Bodensee GmbH <\/span><\/a>&#8211; <a href=\"https:\/\/www.regenlab.de\/impressum\/\" style=\"outline: none;\" data-tcb_hover_state_parent=\"\"><span style=\"\" data-tcb_hover_state_parent=\"\">Impressum |<\/span><\/a><span style=\"color: var(--tcb-skin-color-24) !important;\"><a href=\"https:\/\/www.regenlab.de\/agb\/\" target=\"_blank\" style=\"outline: none;\"><span style=\"--tcb-applied-color: var$(--tcb-skin-color-24) !important;\"> AGB<\/span><\/a>&nbsp; | <\/span><a href=\"https:\/\/www.regenlab.de\/datenschutzerklaerung\/\" target=\"_blank\" style=\"outline: none;\"><span style=\"color: var(--tcb-skin-color-24) !important;\">Datenschutz<\/span><\/a><span style=\"color: var(--tcb-skin-color-24) !important;\">&nbsp; | <\/span><a href=\"https:\/\/www.regenlab.de\/patienteninformationen\/\" target=\"_blank\" style=\"outline: none;\"><span style=\"color: var(--tcb-skin-color-24) !important;\">Patienteninformation<\/span><\/a><\/p>\n","protected":false},"excerpt":{"rendered":"<p>Sie haben Schmerzen im Kniegelenk? bei Kniearthrose Sehr geehrter Patient, sehr geehrte Patientin,Ihr Arzt oder Ihre \u00c4rztin sieht bei Ihnen die Behandlung mit einem Medizinprodukt der der Firma RegenLab vor. Gemeinsam mit Ihrem Arzt oder Ihrer \u00c4rztin besprechen Sie vor dem Therapiebeginn im Rahmen eines pers\u00f6nlichen Gespr\u00e4chs den Behandlungsplan, die Wirkungsweise sowie etwaige Risiken und [&hellip;]<\/p>\n","protected":false},"author":1,"featured_media":0,"parent":0,"menu_order":0,"comment_status":"closed","ping_status":"open","template":"","meta":{"om_disable_all_campaigns":false,"footnotes":""},"class_list":["post-2","page","type-page","status-publish","hentry","post-wrapper","thrv_wrapper"],"yoast_head":"<!-- This site is optimized with the Yoast SEO plugin v26.7 - https:\/\/yoast.com\/wordpress\/plugins\/seo\/ -->\n<title>Home - Cellular Matrix bei Kniearthrose<\/title>\n<meta name=\"description\" content=\"Durchbrechen Sie den Teufelskreis der Kniearthrose mit CellularMatrix von RegenLab. Finden Sie jetzt einen Arzt in Ihrer N\u00e4he.\" \/>\n<meta name=\"robots\" content=\"index, follow, max-snippet:-1, max-image-preview:large, max-video-preview:-1\" \/>\n<link rel=\"canonical\" href=\"https:\/\/www.regenlab.de\/kniearthrose\/\" \/>\n<meta property=\"og:locale\" content=\"de_DE\" \/>\n<meta property=\"og:type\" content=\"article\" \/>\n<meta property=\"og:title\" content=\"Home - Cellular Matrix bei Kniearthrose\" \/>\n<meta property=\"og:description\" content=\"Durchbrechen Sie den Teufelskreis der Kniearthrose mit CellularMatrix von RegenLab. Finden Sie jetzt einen Arzt in Ihrer N\u00e4he.\" \/>\n<meta property=\"og:url\" content=\"https:\/\/www.regenlab.de\/kniearthrose\/\" \/>\n<meta property=\"og:site_name\" content=\"Cellular Matrix bei Kniearthrose\" \/>\n<meta property=\"article:modified_time\" content=\"2026-01-28T08:25:49+00:00\" \/>\n<meta property=\"og:image\" content=\"https:\/\/www.regenlab.de\/kniearthrose\/wp-content\/uploads\/2023\/08\/logo-2023-2693x535_negativ.png\" \/>\n<meta name=\"twitter:card\" content=\"summary_large_image\" \/>\n<meta name=\"twitter:label1\" content=\"Gesch\u00e4tzte Lesezeit\" \/>\n\t<meta name=\"twitter:data1\" content=\"3\u00a0Minuten\" \/>\n<script type=\"application\/ld+json\" class=\"yoast-schema-graph\">{\"@context\":\"https:\/\/schema.org\",\"@graph\":[{\"@type\":\"WebPage\",\"@id\":\"https:\/\/www.regenlab.de\/kniearthrose\/\",\"url\":\"https:\/\/www.regenlab.de\/kniearthrose\/\",\"name\":\"Home - Cellular Matrix bei Kniearthrose\",\"isPartOf\":{\"@id\":\"https:\/\/www.regenlab.de\/kniearthrose\/#website\"},\"primaryImageOfPage\":{\"@id\":\"https:\/\/www.regenlab.de\/kniearthrose\/#primaryimage\"},\"image\":{\"@id\":\"https:\/\/www.regenlab.de\/kniearthrose\/#primaryimage\"},\"thumbnailUrl\":\"https:\/\/www.regenlab.de\/kniearthrose\/wp-content\/uploads\/2023\/08\/logo-2023-2693x535_negativ.png\",\"datePublished\":\"2020-12-15T09:05:07+00:00\",\"dateModified\":\"2026-01-28T08:25:49+00:00\",\"description\":\"Durchbrechen Sie den Teufelskreis der Kniearthrose mit CellularMatrix von RegenLab. Finden Sie jetzt einen Arzt in Ihrer N\u00e4he.\",\"breadcrumb\":{\"@id\":\"https:\/\/www.regenlab.de\/kniearthrose\/#breadcrumb\"},\"inLanguage\":\"de\",\"potentialAction\":[{\"@type\":\"ReadAction\",\"target\":[\"https:\/\/www.regenlab.de\/kniearthrose\/\"]}]},{\"@type\":\"ImageObject\",\"inLanguage\":\"de\",\"@id\":\"https:\/\/www.regenlab.de\/kniearthrose\/#primaryimage\",\"url\":\"https:\/\/www.regenlab.de\/kniearthrose\/wp-content\/uploads\/2023\/08\/logo-2023-2693x535_negativ.png\",\"contentUrl\":\"https:\/\/www.regenlab.de\/kniearthrose\/wp-content\/uploads\/2023\/08\/logo-2023-2693x535_negativ.png\",\"width\":2693,\"height\":535},{\"@type\":\"BreadcrumbList\",\"@id\":\"https:\/\/www.regenlab.de\/kniearthrose\/#breadcrumb\",\"itemListElement\":[{\"@type\":\"ListItem\",\"position\":1,\"name\":\"Home\",\"item\":\"https:\/\/www.regenlab.de\/kniearthrose\/\"},{\"@type\":\"ListItem\",\"position\":2,\"name\":\"Home\"}]},{\"@type\":\"WebSite\",\"@id\":\"https:\/\/www.regenlab.de\/kniearthrose\/#website\",\"url\":\"https:\/\/www.regenlab.de\/kniearthrose\/\",\"name\":\"Cellular Matrix bei Kniearthrose\",\"description\":\"Durchbrechen Sie den Teufelskreis der Kniearthrose\",\"potentialAction\":[{\"@type\":\"SearchAction\",\"target\":{\"@type\":\"EntryPoint\",\"urlTemplate\":\"https:\/\/www.regenlab.de\/kniearthrose\/?s={search_term_string}\"},\"query-input\":{\"@type\":\"PropertyValueSpecification\",\"valueRequired\":true,\"valueName\":\"search_term_string\"}}],\"inLanguage\":\"de\"}]}<\/script>\n<!-- \/ Yoast SEO plugin. -->","yoast_head_json":{"title":"Home - Cellular Matrix bei Kniearthrose","description":"Durchbrechen Sie den Teufelskreis der Kniearthrose mit CellularMatrix von RegenLab. Finden Sie jetzt einen Arzt in Ihrer N\u00e4he.","robots":{"index":"index","follow":"follow","max-snippet":"max-snippet:-1","max-image-preview":"max-image-preview:large","max-video-preview":"max-video-preview:-1"},"canonical":"https:\/\/www.regenlab.de\/kniearthrose\/","og_locale":"de_DE","og_type":"article","og_title":"Home - Cellular Matrix bei Kniearthrose","og_description":"Durchbrechen Sie den Teufelskreis der Kniearthrose mit CellularMatrix von RegenLab. Finden Sie jetzt einen Arzt in Ihrer N\u00e4he.","og_url":"https:\/\/www.regenlab.de\/kniearthrose\/","og_site_name":"Cellular Matrix bei Kniearthrose","article_modified_time":"2026-01-28T08:25:49+00:00","og_image":[{"url":"https:\/\/www.regenlab.de\/kniearthrose\/wp-content\/uploads\/2023\/08\/logo-2023-2693x535_negativ.png","type":"","width":"","height":""}],"twitter_card":"summary_large_image","twitter_misc":{"Gesch\u00e4tzte Lesezeit":"3\u00a0Minuten"},"schema":{"@context":"https:\/\/schema.org","@graph":[{"@type":"WebPage","@id":"https:\/\/www.regenlab.de\/kniearthrose\/","url":"https:\/\/www.regenlab.de\/kniearthrose\/","name":"Home - Cellular Matrix bei Kniearthrose","isPartOf":{"@id":"https:\/\/www.regenlab.de\/kniearthrose\/#website"},"primaryImageOfPage":{"@id":"https:\/\/www.regenlab.de\/kniearthrose\/#primaryimage"},"image":{"@id":"https:\/\/www.regenlab.de\/kniearthrose\/#primaryimage"},"thumbnailUrl":"https:\/\/www.regenlab.de\/kniearthrose\/wp-content\/uploads\/2023\/08\/logo-2023-2693x535_negativ.png","datePublished":"2020-12-15T09:05:07+00:00","dateModified":"2026-01-28T08:25:49+00:00","description":"Durchbrechen Sie den Teufelskreis der Kniearthrose mit CellularMatrix von RegenLab. Finden Sie jetzt einen Arzt in Ihrer N\u00e4he.","breadcrumb":{"@id":"https:\/\/www.regenlab.de\/kniearthrose\/#breadcrumb"},"inLanguage":"de","potentialAction":[{"@type":"ReadAction","target":["https:\/\/www.regenlab.de\/kniearthrose\/"]}]},{"@type":"ImageObject","inLanguage":"de","@id":"https:\/\/www.regenlab.de\/kniearthrose\/#primaryimage","url":"https:\/\/www.regenlab.de\/kniearthrose\/wp-content\/uploads\/2023\/08\/logo-2023-2693x535_negativ.png","contentUrl":"https:\/\/www.regenlab.de\/kniearthrose\/wp-content\/uploads\/2023\/08\/logo-2023-2693x535_negativ.png","width":2693,"height":535},{"@type":"BreadcrumbList","@id":"https:\/\/www.regenlab.de\/kniearthrose\/#breadcrumb","itemListElement":[{"@type":"ListItem","position":1,"name":"Home","item":"https:\/\/www.regenlab.de\/kniearthrose\/"},{"@type":"ListItem","position":2,"name":"Home"}]},{"@type":"WebSite","@id":"https:\/\/www.regenlab.de\/kniearthrose\/#website","url":"https:\/\/www.regenlab.de\/kniearthrose\/","name":"Cellular Matrix bei Kniearthrose","description":"Durchbrechen Sie den Teufelskreis der Kniearthrose","potentialAction":[{"@type":"SearchAction","target":{"@type":"EntryPoint","urlTemplate":"https:\/\/www.regenlab.de\/kniearthrose\/?s={search_term_string}"},"query-input":{"@type":"PropertyValueSpecification","valueRequired":true,"valueName":"search_term_string"}}],"inLanguage":"de"}]}},"_links":{"self":[{"href":"https:\/\/www.regenlab.de\/kniearthrose\/wp-json\/wp\/v2\/pages\/2","targetHints":{"allow":["GET"]}}],"collection":[{"href":"https:\/\/www.regenlab.de\/kniearthrose\/wp-json\/wp\/v2\/pages"}],"about":[{"href":"https:\/\/www.regenlab.de\/kniearthrose\/wp-json\/wp\/v2\/types\/page"}],"author":[{"embeddable":true,"href":"https:\/\/www.regenlab.de\/kniearthrose\/wp-json\/wp\/v2\/users\/1"}],"replies":[{"embeddable":true,"href":"https:\/\/www.regenlab.de\/kniearthrose\/wp-json\/wp\/v2\/comments?post=2"}],"version-history":[{"count":176,"href":"https:\/\/www.regenlab.de\/kniearthrose\/wp-json\/wp\/v2\/pages\/2\/revisions"}],"predecessor-version":[{"id":384,"href":"https:\/\/www.regenlab.de\/kniearthrose\/wp-json\/wp\/v2\/pages\/2\/revisions\/384"}],"wp:attachment":[{"href":"https:\/\/www.regenlab.de\/kniearthrose\/wp-json\/wp\/v2\/media?parent=2"}],"curies":[{"name":"wp","href":"https:\/\/api.w.org\/{rel}","templated":true}]}}